{"id":969,"date":"2019-10-25T00:29:50","date_gmt":"2019-10-25T03:29:50","guid":{"rendered":"http:\/\/focoimg.com.br\/clientes\/audiofb\/?post_type=product&#038;p=969"},"modified":"2025-10-02T16:30:12","modified_gmt":"2025-10-02T19:30:12","slug":"medula","status":"publish","type":"product","link":"https:\/\/audiofb.com\/home\/plugin\/medula\/","title":{"rendered":"Medula : MidSide Equalizer"},"content":{"rendered":"<p><img decoding=\"async\" loading=\"lazy\" class=\"alignnone size-full wp-image-43713 aligncenter\" src=\"http:\/\/audiofb.com\/wp-content\/uploads\/2019\/10\/Captura-de-Tela-2021-08-16-a\u0300s-17.03.01.png\" alt=\"\" width=\"800\" height=\"285\" srcset=\"https:\/\/audiofb.com\/home\/wp-content\/uploads\/2019\/10\/Captura-de-Tela-2021-08-16-a\u0300s-17.03.01.png 800w, https:\/\/audiofb.com\/home\/wp-content\/uploads\/2019\/10\/Captura-de-Tela-2021-08-16-a\u0300s-17.03.01-300x107.png 300w, https:\/\/audiofb.com\/home\/wp-content\/uploads\/2019\/10\/Captura-de-Tela-2021-08-16-a\u0300s-17.03.01-768x274.png 768w, https:\/\/audiofb.com\/home\/wp-content\/uploads\/2019\/10\/Captura-de-Tela-2021-08-16-a\u0300s-17.03.01-600x214.png 600w\" sizes=\"(max-width: 800px) 100vw, 800px\" \/><\/p>\r\n<p><span style=\"color: #333333;\">Midside equalizer for mixing and mastering. Frequency control, gain and attenuation for L+R (mid) and L-R (side).<\/span><\/p>\r\n<p>&nbsp;<\/p>\r\n<p><span style=\"color: #333333;\">&#8211; MID &#8211;<\/span><\/p>\r\n<ul>\r\n<li><span style=\"color: #333333;\">3 frequency controls divided into low, mid and high.<\/span><\/li>\r\n<li><span style=\"color: #333333;\">3 gain controls of the respective frequencies from -12db to + 12db.<\/span><\/li>\r\n<li><span style=\"color: #333333;\">Mid Gain &#8211; gain control of the entire central region.<\/span><\/li>\r\n<li><span style=\"color: #333333;\">Mid LP &#8211; low pass filter from 20khz to 60hz for central region.<\/span><\/li>\r\n<\/ul>\r\n<p>&nbsp;<\/p>\r\n<p><span style=\"color: #333333;\">&#8211; SIDE &#8211;<\/span><\/p>\r\n<ul>\r\n<li><span style=\"color: #333333;\">3 frequency controls divided into low, mid and high.<\/span><\/li>\r\n<li><span style=\"color: #333333;\">3 gain controls of the respective frequencies from -12db to + 12db.<\/span><\/li>\r\n<li><span style=\"color: #333333;\">Side Gain &#8211; gain control of the entire lateral region.<\/span><\/li>\r\n<li><span style=\"color: #333333;\">Mid HP &#8211; high pass filter from 1hz to 12khz for central region.<\/span> \u00a0<\/li>\r\n<\/ul>\r\n<p>&nbsp;<\/p>\r\n<h6 class=\"p1\"><span style=\"color: #333333;\">All AudioFB Plug-ins are available for Mac OS and Windows. Installers contain plug-ins in 64 bit version for the following formats:<\/span><\/h6>\r\n<p class=\"p1\"><span style=\"color: #333333;\"><\/span><\/p>\r\n<p><span style=\"color: #333333;\">VST \/ VST3 \/ AAX\u00a0for Windows.<\/span> <span style=\"color: #333333;\">VST \/ VST3 \/ AU AAX for Mac.<\/span><\/p>\r\n<p class=\"p1\"><span style=\"color: #333333;\"><\/span><\/p>\r\n<p>&nbsp;<\/p>\r\n<ul>\r\n<li class=\"p1\" style=\"text-align: left;\"><span style=\"color: #333333;\">\u00a0Internet connection required for product activation.<\/span><\/li>\r\n<li class=\"p1\" style=\"text-align: left;\"><span style=\"color: #333333;\">\u00a0Minimum Systems Required: <strong>Win 8.1 \/ OSX 10.13<\/strong><\/span><\/li>\r\n<li style=\"text-align: left;\"><span style=\"color: #333333;\">\u00a0Questions? suggestions? send an email <a style=\"color: #333333;\" href=\"mailto:salve@audiofb.com\"><span class=\"s1\">salve@audiofb.com<\/span><\/a><\/span><\/li>\r\n<\/ul>\r\n<p>&nbsp;<\/p>\r\n<hr \/>\r\n<p><iframe loading=\"lazy\" title=\"AudioFB Medula : MidSide EQ para mix &amp; master\" width=\"1333\" height=\"1000\" src=\"https:\/\/www.youtube.com\/embed\/r4HY-A4B8UA?feature=oembed\" frameborder=\"0\" allow=\"accelerometer; autoplay; clipboard-write; encrypted-media; gyroscope; picture-in-picture; web-share\" referrerpolicy=\"strict-origin-when-cross-origin\" allowfullscreen><\/iframe><\/p>\r\n<p>&nbsp;<\/p>\r\n<p><span style=\"color: #333333;\">Equalizador Midside, indicado para finalizac\u0327a\u0303o em mixagens e masterizac\u0327a\u0303o. Controle de freque\u0302ncias, ganho e atenuac\u0327a\u0303o para cada regia\u0303o de sinal, L+R (mid) e L-R (side).<\/span><\/p>\r\n<p>&nbsp;<\/p>\r\n<p><span style=\"color: #333333;\">&#8211; Mid &#8211;<\/span><\/p>\r\n<ul>\r\n<li><span style=\"color: #333333;\">3 controles de freque\u0302ncias divididas entre grave (low), me\u0301dio (mid) e agudo (high).<\/span><\/li>\r\n<li><span style=\"color: #333333;\">3 controles de ganho das respectivas freque\u0302ncias de -12db a\u0300 +12db.<\/span><\/li>\r\n<li><span style=\"color: #333333;\">Mid Gain &#8211; controle de ganho de toda a regia\u0303o central.<\/span><\/li>\r\n<li><span style=\"color: #333333;\">Mid LP \u2013 filtro low pass de 20khz a\u0300 60hz para regia\u0303o central.<\/span><\/li>\r\n<\/ul>\r\n<p>&nbsp;<\/p>\r\n<p><span style=\"color: #333333;\">&#8211; Side &#8211;<\/span><\/p>\r\n<ul>\r\n<li><span style=\"color: #333333;\">3 controles de freque\u0302ncias divididas entre grave (low), me\u0301dio (mid) e agudo (high).<\/span><\/li>\r\n<li><span style=\"color: #333333;\">3 controles de ganho das respectivas freque\u0302ncias de -12db a\u0300 +12db.<\/span><\/li>\r\n<li><span style=\"color: #333333;\">Side Gain &#8211; controle de ganho de toda a regia\u0303o lateral.<\/span><\/li>\r\n<li><span style=\"color: #333333;\">Mid HP \u2013 filtro high pass de 1hz a\u0300 12khz para regia\u0303o central.<\/span> \u00a0<\/li>\r\n<\/ul>\r\n<h6>\u00a0<\/h6>\r\n<h6 class=\"p1\"><span style=\"color: #333333;\">Todos os Plug-ins est\u00e3o dispon\u00edveis para MAC OSX e Windows. Os instaladores cont\u00eam plug-ins <b>64 bit<\/b> e est\u00e3o dispon\u00edveis os seguintes formatos:<\/span><\/h6>\r\n<p class=\"p1\"><span style=\"color: #333333;\"><\/span><\/p>\r\n<p><span style=\"color: #333333;\">VST \/ VST3 \/ AU \/ AAX para Windows.<\/span> <span style=\"color: #333333;\">VST \/ VST3 \/ AAX para Mac.<\/span><\/p>\r\n<p class=\"p1\"><span style=\"color: #333333;\"><\/span><\/p>\r\n<p>&nbsp;<\/p>\r\n<ul>\r\n<li class=\"p1\" style=\"text-align: left;\"><span style=\"color: #333333;\">\u00a0Internet requerida para ativa\u00e7\u00e3o.<\/span><\/li>\r\n<li class=\"p1\" style=\"text-align: left;\"><span style=\"color: #333333;\">\u00a0Sistema minimo requerido: <strong>Win 8.1 \/ OSX 10.13<\/strong><\/span><\/li>\r\n<li style=\"text-align: left;\"><span style=\"color: #333333;\">\u00a0D\u00favidas? Sugest\u00f5es? Envie um email para <a style=\"color: #333333;\" href=\"mailto:salve@audiofb.com\"><span class=\"s1\">salve@audiofb.com<\/span><\/a><\/span><\/li>\r\n<\/ul>","protected":false},"excerpt":{"rendered":"<p>Midside equalizer for mixing and mastering. Frequency control, gain and attenuation for L+R (mid) and L-R (side). &nbsp; &#8211; MID &#8211; 3 frequency controls divided into low, mid and high. 3 gain controls of the respective frequencies from -12db to + 12db. Mid Gain &#8211; gain control of the entire central region. Mid LP &#8211; [&hellip;]<\/p>\n","protected":false},"featured_media":40458,"comment_status":"closed","ping_status":"closed","template":"","meta":[],"product_cat":[22],"product_tag":[],"_links":{"self":[{"href":"https:\/\/audiofb.com\/home\/wp-json\/wp\/v2\/product\/969"}],"collection":[{"href":"https:\/\/audiofb.com\/home\/wp-json\/wp\/v2\/product"}],"about":[{"href":"https:\/\/audiofb.com\/home\/wp-json\/wp\/v2\/types\/product"}],"replies":[{"embeddable":true,"href":"https:\/\/audiofb.com\/home\/wp-json\/wp\/v2\/comments?post=969"}],"wp:featuredmedia":[{"embeddable":true,"href":"https:\/\/audiofb.com\/home\/wp-json\/wp\/v2\/media\/40458"}],"wp:attachment":[{"href":"https:\/\/audiofb.com\/home\/wp-json\/wp\/v2\/media?parent=969"}],"wp:term":[{"taxonomy":"product_cat","embeddable":true,"href":"https:\/\/audiofb.com\/home\/wp-json\/wp\/v2\/product_cat?post=969"},{"taxonomy":"product_tag","embeddable":true,"href":"https:\/\/audiofb.com\/home\/wp-json\/wp\/v2\/product_tag?post=969"}],"curies":[{"name":"wp","href":"https:\/\/api.w.org\/{rel}","templated":true}]}}