{"id":35950,"date":"2021-04-23T16:52:31","date_gmt":"2021-04-23T19:52:31","guid":{"rendered":"http:\/\/audiofb.com\/?post_type=product&#038;p=35950"},"modified":"2025-12-01T17:29:10","modified_gmt":"2025-12-01T20:29:10","slug":"wizard","status":"publish","type":"product","link":"https:\/\/audiofb.com\/home\/plugin\/wizard\/","title":{"rendered":"Wizard : Stereo Widener"},"content":{"rendered":"<p style=\"text-align: center;\">\u00a0<\/p>\r\n<p><iframe loading=\"lazy\" title=\"AudioFB Wizard : Free Stereo Expander Promo\" width=\"1440\" height=\"810\" src=\"https:\/\/www.youtube.com\/embed\/O_ctIduVHuk?feature=oembed\" frameborder=\"0\" allow=\"accelerometer; autoplay; clipboard-write; encrypted-media; gyroscope; picture-in-picture; web-share\" referrerpolicy=\"strict-origin-when-cross-origin\" allowfullscreen><\/iframe><\/p>\r\n<p><span style=\"color: #333333;\">Wizard is a plug-in that expands the stereo image of any mono or stereo signal, in general this is a <\/span> <span style=\"color: #333333;\">mono-compatible plug-in, so we avoid some phase problems when adding a mono signal.<\/span> \u00a0 <span style=\"color: #333333;\">VST \/ VST3 \/ AAX\u00a0for Windows.<\/span> <span style=\"color: #333333;\">VST \/ VST3 \/ AU AAX for Mac.<\/span><\/p>\r\n<h6 class=\"p1\"><span style=\"color: #333333;\"><!-- \/wp:paragraph -->\r\n\r\n<!-- wp:paragraph --><\/span><\/h6>\r\n<h6 class=\"p1\"><span style=\"color: #333333;\"><!-- \/wp:paragraph --><\/span><\/h6>\r\n<h6>\u00a0<\/h6>\r\n<ul>\r\n<li class=\"p1\" style=\"text-align: left;\"><span style=\"color: #333333;\">\u00a0Internet connection required for product activation.<\/span><\/li>\r\n<li class=\"p1\" style=\"text-align: left;\"><span style=\"color: #333333;\">\u00a0Minimum Systems Required: <strong>Win 8.1 \/ OSX 10.13<\/strong><\/span><\/li>\r\n<li style=\"text-align: left;\"><span style=\"color: #333333;\">\u00a0Questions? suggestions? send an email <a style=\"color: #333333;\" href=\"mailto:salve@audiofb.com\"><span class=\"s1\">salve@audiofb.com<\/span><\/a><\/span><\/li>\r\n<\/ul>\r\n<div class=\"column\">\r\n<h6><span style=\"color: #333333;\"><input name=\"cmd\" type=\"hidden\" value=\"_s-xclick\" \/> <input name=\"hosted_button_id\" type=\"hidden\" value=\"V8U2JWVTCAQY2\" \/>Wizard is a FREE plug-in, but if you liked this tool, help us with the donation of any amount!\u00a0<\/span><\/h6>\r\n<form action=\"https:\/\/www.paypal.com\/donate\" method=\"post\" target=\"_top\"><input name=\"hosted_button_id\" type=\"hidden\" value=\"VKYA9U6QJK54W\" \/> <input title=\"PayPal - The safer, easier way to pay online!\" alt=\"Donate with PayPal button\" name=\"submit\" src=\"https:\/\/www.paypalobjects.com\/en_US\/i\/btn\/btn_donate_LG.gif\" type=\"image\" \/> <img decoding=\"async\" loading=\"lazy\" src=\"https:\/\/www.paypal.com\/en_BR\/i\/scr\/pixel.gif\" alt=\"\" width=\"1\" height=\"1\" border=\"0\" \/>\u00a0 \u00a0<\/form>\r\n<h2 style=\"text-align: center;\"><span style=\"color: #800080;\"><strong>WIZARD<\/strong><\/span><\/h2>\r\n<h4 style=\"text-align: center;\"><span style=\"color: #333333;\"><strong>Stereo widener mono-compat\u00edvel\u00a0<\/strong><\/span><\/h4>\r\n<span style=\"color: #333333;\">Wizard \u00e9 um <em>stereo spread<\/em> capaz de fazer qualquer sinal mono ou stereo ampliar a sua imagem stereo mantendo a mono-compatibilidade, evitando assim grandes problemas com cancelamento de fase quando somados ao sinal mono.<\/span> \u00a0 <span style=\"color: #333333;\">VST \/ VST3 \/ AU \/ AAX para Windows.<\/span> <span style=\"color: #333333;\">VST \/ VST3 \/ AAX para Mac.<\/span><\/div>\r\n<h6>\u00a0<\/h6>\r\n<p><iframe loading=\"lazy\" title=\"AudioFB Wizard : FREE Stereo Expander \/ Enhancer \/ Widener\" width=\"1440\" height=\"810\" src=\"https:\/\/www.youtube.com\/embed\/UhJY1D0n904?feature=oembed\" frameborder=\"0\" allow=\"accelerometer; autoplay; clipboard-write; encrypted-media; gyroscope; picture-in-picture; web-share\" referrerpolicy=\"strict-origin-when-cross-origin\" allowfullscreen><\/iframe><\/p>\r\n<div class=\"column\">\r\n<ul>\r\n<li class=\"p1\" style=\"text-align: left;\"><span style=\"color: #333333;\">\u00a0Internet requerida para ativa\u00e7\u00e3o.<\/span><\/li>\r\n<li class=\"p1\" style=\"text-align: left;\"><span style=\"color: #333333;\">\u00a0Sistema minimo requerido: <strong>Win 8.1 \/ OSX 10.13<\/strong><\/span><\/li>\r\n<li style=\"text-align: left;\"><span style=\"color: #333333;\">\u00a0D\u00favidas? Sugest\u00f5es? Envie um email para <a style=\"color: #333333;\" href=\"mailto:salve@audiofb.com\"><span class=\"s1\">salve@audiofb.com<\/span><\/a><\/span><\/li>\r\n<\/ul>\r\n<h6 style=\"text-align: left;\"><span style=\"color: #333333;\"><input name=\"cmd\" type=\"hidden\" value=\"_s-xclick\" \/> <input name=\"hosted_button_id\" type=\"hidden\" value=\"V8U2JWVTCAQY2\" \/>O Wizard \u00e9 um plug-in GR\u00c1TIS, mas caso tenha gostado dessa ferramenta, nos ajude com a doa\u00e7\u00e3o de qualquer valor!\u00a0<img decoding=\"async\" class=\"emoji\" draggable=\"false\" src=\"https:\/\/s.w.org\/images\/core\/emoji\/12.0.0-1\/svg\/1f642.svg\" alt=\"?\" \/><\/span><\/h6>\r\n<\/div>\r\n<form action=\"https:\/\/www.paypal.com\/donate\" method=\"post\" target=\"_top\"><input name=\"hosted_button_id\" type=\"hidden\" value=\"VKYA9U6QJK54W\" \/> <input title=\"PayPal - The safer, easier way to pay online!\" alt=\"Donate with PayPal button\" name=\"submit\" src=\"https:\/\/www.paypalobjects.com\/en_US\/i\/btn\/btn_donate_LG.gif\" type=\"image\" \/> <img decoding=\"async\" loading=\"lazy\" src=\"https:\/\/www.paypal.com\/en_BR\/i\/scr\/pixel.gif\" alt=\"\" width=\"1\" height=\"1\" border=\"0\" \/><\/form>","protected":false},"excerpt":{"rendered":"<p>\u00a0 Wizard is a plug-in that expands the stereo image of any mono or stereo signal, in general this is a mono-compatible plug-in, so we avoid some phase problems when adding a mono signal. \u00a0 VST \/ VST3 \/ AAX\u00a0for Windows. VST \/ VST3 \/ AU AAX for Mac. \u00a0 \u00a0Internet connection required for product [&hellip;]<\/p>\n","protected":false},"featured_media":40465,"comment_status":"closed","ping_status":"closed","template":"","meta":[],"product_cat":[24],"product_tag":[],"_links":{"self":[{"href":"https:\/\/audiofb.com\/home\/wp-json\/wp\/v2\/product\/35950"}],"collection":[{"href":"https:\/\/audiofb.com\/home\/wp-json\/wp\/v2\/product"}],"about":[{"href":"https:\/\/audiofb.com\/home\/wp-json\/wp\/v2\/types\/product"}],"replies":[{"embeddable":true,"href":"https:\/\/audiofb.com\/home\/wp-json\/wp\/v2\/comments?post=35950"}],"wp:featuredmedia":[{"embeddable":true,"href":"https:\/\/audiofb.com\/home\/wp-json\/wp\/v2\/media\/40465"}],"wp:attachment":[{"href":"https:\/\/audiofb.com\/home\/wp-json\/wp\/v2\/media?parent=35950"}],"wp:term":[{"taxonomy":"product_cat","embeddable":true,"href":"https:\/\/audiofb.com\/home\/wp-json\/wp\/v2\/product_cat?post=35950"},{"taxonomy":"product_tag","embeddable":true,"href":"https:\/\/audiofb.com\/home\/wp-json\/wp\/v2\/product_tag?post=35950"}],"curies":[{"name":"wp","href":"https:\/\/api.w.org\/{rel}","templated":true}]}}