{"id":34297,"date":"2020-12-27T23:06:36","date_gmt":"2020-12-28T02:06:36","guid":{"rendered":"http:\/\/audiofb.com\/?post_type=product&#038;p=34297"},"modified":"2025-10-02T12:21:41","modified_gmt":"2025-10-02T15:21:41","slug":"ghost-in-a-drum-shell-blast-drum-trigger","status":"publish","type":"product","link":"https:\/\/audiofb.com\/home\/plugin\/ghost-in-a-drum-shell-blast-drum-trigger\/","title":{"rendered":"Ghost in a Drum Shell : Blast Drum"},"content":{"rendered":"<h3 style=\"text-align: center;\"><img decoding=\"async\" loading=\"lazy\" class=\"aligncenter wp-image-40839 size-large\" src=\"http:\/\/audiofb.com\/wp-content\/uploads\/2020\/12\/GDS_LAT-1024x607.png\" alt=\"\" width=\"1024\" height=\"607\" srcset=\"https:\/\/audiofb.com\/home\/wp-content\/uploads\/2020\/12\/GDS_LAT-1024x607.png 1024w, https:\/\/audiofb.com\/home\/wp-content\/uploads\/2020\/12\/GDS_LAT-300x178.png 300w, https:\/\/audiofb.com\/home\/wp-content\/uploads\/2020\/12\/GDS_LAT-768x456.png 768w, https:\/\/audiofb.com\/home\/wp-content\/uploads\/2020\/12\/GDS_LAT-1536x911.png 1536w, https:\/\/audiofb.com\/home\/wp-content\/uploads\/2020\/12\/GDS_LAT-600x356.png 600w, https:\/\/audiofb.com\/home\/wp-content\/uploads\/2020\/12\/GDS_LAT-900x534.png 900w, https:\/\/audiofb.com\/home\/wp-content\/uploads\/2020\/12\/GDS_LAT.png 1652w\" sizes=\"(max-width: 1024px) 100vw, 1024px\" \/><\/h3>\n<p><iframe loading=\"lazy\" title=\"AudioFB Ghost in a Drum Shell : Blast Drummer\" width=\"1440\" height=\"810\" src=\"https:\/\/www.youtube.com\/embed\/dS7G-27YRyw?feature=oembed\" frameborder=\"0\" allow=\"accelerometer; autoplay; clipboard-write; encrypted-media; gyroscope; picture-in-picture; web-share\" referrerpolicy=\"strict-origin-when-cross-origin\" allowfullscreen><\/iframe><\/p>\n<hr \/>\n<p>&nbsp;<\/p>\n<p><span style=\"color: #333333;\">Ghost in a Drum Shell (GDS) is an instrument objective and intuitive, with samples recorded at AudioFB studios (S\u00e3o Paulo \/ Brazil) between 2015 and 2020.<\/span><\/p>\n<ul>\n<li>9 Presets.<\/li>\n<li><span style=\"color: #333333;\">11 Snare samples.<\/span><\/li>\n<li><span style=\"color: #333333;\">2\u00a0 \u00a0Kick samples.<\/span><\/li>\n<li><span style=\"color: #333333;\">3\u00a0 \u00a0Tons.<\/span><\/li>\n<li><span style=\"color: #333333;\">1\u00a0 \u00a0Hi Hat.<\/span><\/li>\n<li><span style=\"color: #333333;\">2\u00a0 \u00a0Crashes.<\/span><\/li>\n<li><span style=\"color: #333333;\">1\u00a0 \u00a0Ride.<\/span><\/li>\n<li><span style=\"color: #333333;\">All samples with various dynamics and humanized.<\/span><\/li>\n<li><span style=\"color: #333333;\">AudioFB algorithm Reverb.<\/span><\/li>\n<li><span style=\"color: #333333;\">Overdrive effect per Channel.<\/span><\/li>\n<li><span style=\"color: #333333;\">Analog mixer.<\/span><\/li>\n<li><span style=\"color: #333333;\">Dynamics control with compressor.<\/span><\/li>\n<li><span style=\"color: #333333;\">Multioutput.\u00a0<\/span><\/li>\n<li>Plug-in Resizable.<\/li>\n<\/ul>\n<p><iframe loading=\"lazy\" title=\"Ghost in a Drum Shell : Styles\" width=\"1333\" height=\"1000\" src=\"https:\/\/www.youtube.com\/embed\/9DQrA7Y9dzY?feature=oembed\" frameborder=\"0\" allow=\"accelerometer; autoplay; clipboard-write; encrypted-media; gyroscope; picture-in-picture; web-share\" referrerpolicy=\"strict-origin-when-cross-origin\" allowfullscreen><\/iframe><\/p>\n<p>&nbsp;<\/p>\n<p class=\"p1\">Available for Mac OS and Windows. Installers contain plug-ins <strong>only 64 bit<\/strong> version for the following formats:<img decoding=\"async\" class=\"wp-image-4655\" src=\"http:\/\/audiofb.com\/wp-content\/uploads\/2020\/01\/VST_EXTENSAO.png\" alt=\"\" \/><\/p>\n<p><strong>VST \/ AAX <\/strong>\u00a0for Windows.<\/p>\n<p><strong>VST \/ AU \/ AAX <\/strong>for Mac.<\/p>\n<p>&nbsp;<\/p>\n<ul>\n<li class=\"p1\">\u00a0Internet connection required for product activation.<\/li>\n<li class=\"p1\">\u00a0Minimum Systems Required:\u00a0<strong>Win 8.1 \/ OSX 10.13<\/strong><\/li>\n<li>\u00a0Questions? suggestions? send an email\u00a0<a href=\"mailto:salve@audiofb.com\"><span class=\"s1\">salve@audiofb.com<\/span><\/a><\/li>\n<\/ul>\n<p>&nbsp;<\/p>\n<hr \/>\n<p><iframe loading=\"lazy\" title=\"Ghost in a Drum Shell &quot;GDS&quot; : Explained\" width=\"1440\" height=\"810\" src=\"https:\/\/www.youtube.com\/embed\/ErnnO5kDoqk?feature=oembed\" frameborder=\"0\" allow=\"accelerometer; autoplay; clipboard-write; encrypted-media; gyroscope; picture-in-picture; web-share\" referrerpolicy=\"strict-origin-when-cross-origin\" allowfullscreen><\/iframe><\/p>\n<p>&nbsp;<\/p>\n<hr \/>\n<p>&nbsp;<\/p>\n","protected":false},"excerpt":{"rendered":"<p>[:pb]<\/p>\n<p><span style=\"font-weight: 400;\">GDS \u00e9 um VSTi objetivo e completo para produ\u00e7\u00e3o de qualquer linha de bateria.<\/span><\/p>\n<p>[:en]<\/p>\n<p><span style=\"font-weight: 400;\">GDS is an objective and complete VSTi for producing any drum style.<\/span><\/p>\n<p>[:]<\/p>\n","protected":false},"featured_media":40466,"comment_status":"closed","ping_status":"closed","template":"","meta":[],"product_cat":[25],"product_tag":[],"_links":{"self":[{"href":"https:\/\/audiofb.com\/home\/wp-json\/wp\/v2\/product\/34297"}],"collection":[{"href":"https:\/\/audiofb.com\/home\/wp-json\/wp\/v2\/product"}],"about":[{"href":"https:\/\/audiofb.com\/home\/wp-json\/wp\/v2\/types\/product"}],"replies":[{"embeddable":true,"href":"https:\/\/audiofb.com\/home\/wp-json\/wp\/v2\/comments?post=34297"}],"wp:featuredmedia":[{"embeddable":true,"href":"https:\/\/audiofb.com\/home\/wp-json\/wp\/v2\/media\/40466"}],"wp:attachment":[{"href":"https:\/\/audiofb.com\/home\/wp-json\/wp\/v2\/media?parent=34297"}],"wp:term":[{"taxonomy":"product_cat","embeddable":true,"href":"https:\/\/audiofb.com\/home\/wp-json\/wp\/v2\/product_cat?post=34297"},{"taxonomy":"product_tag","embeddable":true,"href":"https:\/\/audiofb.com\/home\/wp-json\/wp\/v2\/product_tag?post=34297"}],"curies":[{"name":"wp","href":"https:\/\/api.w.org\/{rel}","templated":true}]}}