{"id":32046,"date":"2020-08-26T17:13:31","date_gmt":"2020-08-26T20:13:31","guid":{"rendered":"http:\/\/audiofb.com\/?post_type=product&#038;p=32046"},"modified":"2025-10-02T12:22:26","modified_gmt":"2025-10-02T15:22:26","slug":"elect4buzz","status":"publish","type":"product","link":"https:\/\/audiofb.com\/home\/plugin\/elect4buzz\/","title":{"rendered":"Elect4buzz : Multiband Compressor"},"content":{"rendered":"<p><iframe loading=\"lazy\" title=\"AudioFB Elect4buzz : Multiband Compressor : \ud83c\udfa7\" width=\"1440\" height=\"810\" src=\"https:\/\/www.youtube.com\/embed\/HjiCqpjdu3M?feature=oembed\" frameborder=\"0\" allow=\"accelerometer; autoplay; clipboard-write; encrypted-media; gyroscope; picture-in-picture; web-share\" referrerpolicy=\"strict-origin-when-cross-origin\" allowfullscreen><\/iframe><\/p>\n<p><span style=\"color: #333333;\"> <img decoding=\"async\" loading=\"lazy\" class=\"aligncenter size-large wp-image-43239\" src=\"http:\/\/audiofb.com\/wp-content\/uploads\/2020\/08\/electabuzz_site_02-1024x722.jpg\" alt=\"\" width=\"1024\" height=\"722\" srcset=\"https:\/\/audiofb.com\/home\/wp-content\/uploads\/2020\/08\/electabuzz_site_02-1024x722.jpg 1024w, https:\/\/audiofb.com\/home\/wp-content\/uploads\/2020\/08\/electabuzz_site_02-300x211.jpg 300w, https:\/\/audiofb.com\/home\/wp-content\/uploads\/2020\/08\/electabuzz_site_02-768x541.jpg 768w, https:\/\/audiofb.com\/home\/wp-content\/uploads\/2020\/08\/electabuzz_site_02-600x423.jpg 600w, https:\/\/audiofb.com\/home\/wp-content\/uploads\/2020\/08\/electabuzz_site_02-900x634.jpg 900w, https:\/\/audiofb.com\/home\/wp-content\/uploads\/2020\/08\/electabuzz_site_02.jpg 1220w\" sizes=\"(max-width: 1024px) 100vw, 1024px\" \/><\/span><\/p>\n<p>&nbsp;<\/p>\n<p style=\"text-align: center;\"><span style=\"color: #333333;\"><strong><span style=\"vertical-align: inherit;\"><span style=\"vertical-align: inherit;\">ELECT4BUZZ <\/span><\/span><\/strong><\/span><\/p>\n<p style=\"text-align: center;\"><span style=\"color: #333333;\"><strong><span style=\"vertical-align: inherit;\"><span style=\"vertical-align: inherit;\">Mastering Multiband Compressor<\/span><\/span><\/strong><\/span><\/p>\n<p class=\"p1\">Elect4buzz is a dynamic multi-band processor designed to be a powerful tool in your mixing and mastering sessions, emulating vintage and modern compressors. Basic compression controls for each band, open crossovers for a non-aggressive fit. Each compression band has a particularity in their design. Details that make difference on your mixing or mastering results.\u00a0\u00a0 VST \/ VST3 \/ AAX for Windows. VST \/ VST3 \/ AU AAX for Mac.<\/p>\n<ul>\n<li>\u00a0Internet connection required for product activation.<\/li>\n<li>\u00a0Minimum Systems Required: <strong>Win 8.1 \/ OSX 10.13<\/strong><\/li>\n<li>\u00a0Questions? Suggestions? Send an email to salve@audiofb.com<\/li>\n<\/ul>\n<p class=\"p1\">Notes: Although Ableton Live 9 has a 64bit version, this plug-in works after version 10.<\/p>\n<hr \/>\n<p><span style=\"color: #333333;\"><img decoding=\"async\" loading=\"lazy\" class=\"size-full wp-image-43709 aligncenter\" src=\"http:\/\/audiofb.com\/wp-content\/uploads\/2020\/08\/Captura-de-Tela-2021-08-16-a\u0300s-16.30.06.png\" alt=\"\" width=\"990\" height=\"490\" srcset=\"https:\/\/audiofb.com\/home\/wp-content\/uploads\/2020\/08\/Captura-de-Tela-2021-08-16-a\u0300s-16.30.06.png 990w, https:\/\/audiofb.com\/home\/wp-content\/uploads\/2020\/08\/Captura-de-Tela-2021-08-16-a\u0300s-16.30.06-300x148.png 300w, https:\/\/audiofb.com\/home\/wp-content\/uploads\/2020\/08\/Captura-de-Tela-2021-08-16-a\u0300s-16.30.06-768x380.png 768w, https:\/\/audiofb.com\/home\/wp-content\/uploads\/2020\/08\/Captura-de-Tela-2021-08-16-a\u0300s-16.30.06-600x297.png 600w, https:\/\/audiofb.com\/home\/wp-content\/uploads\/2020\/08\/Captura-de-Tela-2021-08-16-a\u0300s-16.30.06-900x445.png 900w\" sizes=\"(max-width: 990px) 100vw, 990px\" \/><\/span><\/p>\n<p style=\"text-align: center;\"><span style=\"color: #333333;\"><strong><span style=\"vertical-align: inherit;\"><span style=\"vertical-align: inherit;\">ELECT4BUZZ <\/span><\/span><\/strong><\/span><\/p>\n<p style=\"text-align: center;\"><span style=\"color: #333333;\"><strong><span style=\"vertical-align: inherit;\"><span style=\"vertical-align: inherit;\">Compressor Multi-banda\u00a0<\/span><\/span><\/strong><\/span><\/p>\n<p><span style=\"color: #333333;\"><span style=\"vertical-align: inherit;\"><span style=\"vertical-align: inherit;\">Elect4buzz \u00e9 um processador multibanda din\u00e2mico projetado para ser uma ferramenta poderosa em suas sess\u00f5es de mixagem e masteriza\u00e7\u00e3o emulando compressores <\/span><\/span><em><span style=\"vertical-align: inherit;\"><span style=\"vertical-align: inherit;\">vintages<\/span><\/span><\/em><span style=\"vertical-align: inherit;\"><span style=\"vertical-align: inherit;\"> e modernos. <\/span><span style=\"vertical-align: inherit;\">Controles de compress\u00e3o b\u00e1sicos para cada banda, <\/span><\/span><em><span style=\"vertical-align: inherit;\"><span style=\"vertical-align: inherit;\">crossovers<\/span><\/span><\/em><span style=\"vertical-align: inherit;\"><span style=\"vertical-align: inherit;\"> abertos para um ajuste n\u00e3o agressivo. <\/span><span style=\"vertical-align: inherit;\">Cada banda de compress\u00e3o possui uma particularidade em seu design. <\/span><\/span><\/span> <span style=\"color: #333333;\"><span style=\"vertical-align: inherit;\"><span style=\"vertical-align: inherit;\">Detalhes que fazem a diferen\u00e7a ao final da sua mixagem ou masteriza\u00e7\u00e3o. <\/span><\/span><\/span><span style=\"vertical-align: inherit;\"><span style=\"vertical-align: inherit;\"> \u00a0 VST \/ VST3 \/ AU \/ AAX para Windows. <\/span><span style=\"vertical-align: inherit;\">VST \/ VST3 \/ AAX para Mac.<\/span><\/span><\/p>\n<p class=\"p1\"><span style=\"color: #333333;\"><!-- \/wp:paragraph --><\/span><\/p>\n<p>&nbsp;<\/p>\n<ul>\n<li class=\"p1\" style=\"text-align: left;\"><span style=\"color: #333333;\"><span style=\"vertical-align: inherit;\"><span style=\"vertical-align: inherit;\">\u00a0Limita\u00e7\u00f5es da Internet para ativa\u00e7\u00e3o.<\/span><\/span><\/span><\/li>\n<li class=\"p1\" style=\"text-align: left;\"><span style=\"color: #333333;\"><span style=\"vertical-align: inherit;\"><span style=\"vertical-align: inherit;\">\u00a0Sistema m\u00ednimo requerido: <\/span><\/span><strong><span style=\"vertical-align: inherit;\"><span style=\"vertical-align: inherit;\">Win 8.1 \/ OSX 10.13<\/span><\/span><\/strong><\/span><\/li>\n<li style=\"text-align: left;\"><span style=\"color: #333333;\"><span style=\"vertical-align: inherit;\"><span style=\"vertical-align: inherit;\">\u00a0D\u00favidas? <\/span><span style=\"vertical-align: inherit;\">Sugest\u00f5es? <\/span><span style=\"vertical-align: inherit;\">Envie um email para <\/span><\/span><a style=\"color: #333333;\" href=\"mailto:salve@audiofb.com\"><span class=\"s1\"><span style=\"vertical-align: inherit;\"><span style=\"vertical-align: inherit;\">salve@audiofb.com<\/span><\/span><\/span><\/a><\/span><\/li>\n<\/ul>\n<blockquote><p><span style=\"color: #333333;\"><span style=\"vertical-align: inherit;\"><span style=\"vertical-align: inherit;\">Nota: Embora o Ableton Live 9 tenha uma vers\u00e3o de 64 bits, este plug-in funcionou ap\u00f3s a vers\u00e3o 10.<\/span><\/span><\/span><\/p><\/blockquote>\n","protected":false},"excerpt":{"rendered":"<p>&nbsp; ELECT4BUZZ Mastering Multiband Compressor Elect4buzz is a dynamic multi-band processor designed to be a powerful tool in your mixing and mastering sessions, emulating vintage and modern compressors. Basic compression controls for each band, open crossovers for a non-aggressive fit. Each compression band has a particularity in their design. Details that make difference on your [&hellip;]<\/p>\n","protected":false},"featured_media":40454,"comment_status":"closed","ping_status":"closed","template":"","meta":[],"product_cat":[23],"product_tag":[],"_links":{"self":[{"href":"https:\/\/audiofb.com\/home\/wp-json\/wp\/v2\/product\/32046"}],"collection":[{"href":"https:\/\/audiofb.com\/home\/wp-json\/wp\/v2\/product"}],"about":[{"href":"https:\/\/audiofb.com\/home\/wp-json\/wp\/v2\/types\/product"}],"replies":[{"embeddable":true,"href":"https:\/\/audiofb.com\/home\/wp-json\/wp\/v2\/comments?post=32046"}],"wp:featuredmedia":[{"embeddable":true,"href":"https:\/\/audiofb.com\/home\/wp-json\/wp\/v2\/media\/40454"}],"wp:attachment":[{"href":"https:\/\/audiofb.com\/home\/wp-json\/wp\/v2\/media?parent=32046"}],"wp:term":[{"taxonomy":"product_cat","embeddable":true,"href":"https:\/\/audiofb.com\/home\/wp-json\/wp\/v2\/product_cat?post=32046"},{"taxonomy":"product_tag","embeddable":true,"href":"https:\/\/audiofb.com\/home\/wp-json\/wp\/v2\/product_tag?post=32046"}],"curies":[{"name":"wp","href":"https:\/\/api.w.org\/{rel}","templated":true}]}}