{"id":29000,"date":"2020-06-13T23:11:29","date_gmt":"2020-06-14T02:11:29","guid":{"rendered":"http:\/\/audiofb.com\/?post_type=product&#038;p=29000"},"modified":"2025-10-02T12:27:41","modified_gmt":"2025-10-02T15:27:41","slug":"bureaujuice","status":"publish","type":"product","link":"https:\/\/audiofb.com\/home\/plugin\/bureaujuice\/","title":{"rendered":"BureauJuice : Reverse Delay"},"content":{"rendered":"<p><iframe loading=\"lazy\" title=\"BureauJuice BureauJuice BureauJuice! : Reverse Delay By AudioFB\" width=\"1440\" height=\"810\" src=\"https:\/\/www.youtube.com\/embed\/UaVTh02Z2FU?feature=oembed\" frameborder=\"0\" allow=\"accelerometer; autoplay; clipboard-write; encrypted-media; gyroscope; picture-in-picture; web-share\" referrerpolicy=\"strict-origin-when-cross-origin\" allowfullscreen><\/iframe><\/p>\r\n<p>&nbsp;<\/p>\r\n<p><img decoding=\"async\" loading=\"lazy\" class=\"aligncenter size-large wp-image-43242\" src=\"http:\/\/audiofb.com\/wp-content\/uploads\/2020\/06\/bureaujuice_site_01-1024x543.jpg\" alt=\"\" width=\"1024\" height=\"543\" srcset=\"https:\/\/audiofb.com\/home\/wp-content\/uploads\/2020\/06\/bureaujuice_site_01-1024x543.jpg 1024w, https:\/\/audiofb.com\/home\/wp-content\/uploads\/2020\/06\/bureaujuice_site_01-300x159.jpg 300w, https:\/\/audiofb.com\/home\/wp-content\/uploads\/2020\/06\/bureaujuice_site_01-768x407.jpg 768w, https:\/\/audiofb.com\/home\/wp-content\/uploads\/2020\/06\/bureaujuice_site_01-600x318.jpg 600w, https:\/\/audiofb.com\/home\/wp-content\/uploads\/2020\/06\/bureaujuice_site_01-900x477.jpg 900w, https:\/\/audiofb.com\/home\/wp-content\/uploads\/2020\/06\/bureaujuice_site_01.jpg 1074w\" sizes=\"(max-width: 1024px) 100vw, 1024px\" \/><\/p>\r\n<p>&nbsp;<\/p>\r\n<h2 style=\"text-align: center;\"><span style=\"color: #800080;\">It&#8217;s show time\u00a0<\/span><\/h2>\r\n<p><span style=\"color: #333333;\">BureauJuice, the most ghostly and dishonest plug-in developed by AudioFB. BureauJuice is a delay and reverse delay, which makes the process more interesting and fun. In addition to conventional delay parameters such as time and feedback, BureauJuice has the option of ping-pong for normal delay and stereo modulation in the reverse function, polarity inversion and width control.<\/span><\/p>\r\n<p><span style=\"color: #333333;\">BureauJuice, like Blanka has an easter egg, a hidden &#8220;bio-exorcist&#8221; effect that appears when BureauJuice is invoked!\u00a0<\/span><\/p>\r\n<p>&nbsp;<\/p>\r\n<p><span style=\"color: #333333;\">All AudioFB Plug-ins are available for Mac OS and Windows. Installers contain plug-ins in <strong>64 bit<\/strong> version for the formats: \u00a0  VST \/ VST3 \/ AAX\u00a0for Windows. VST \/ VST3 \/ AU AAX for Mac.<\/span><\/p>\r\n<p class=\"p1\"><span style=\"color: #333333;\"><\/span><\/p>\r\n<p>&nbsp;<\/p>\r\n<ul>\r\n<li class=\"p1\" style=\"text-align: left;\">\r\n<p><span style=\"color: #333333;\">\u00a0Internet connection required for product activation.<\/span><\/p>\r\n<\/li>\r\n<li class=\"p1\" style=\"text-align: left;\">\r\n<p><span style=\"color: #333333;\">\u00a0Minimum Systems Required: <strong>Win 8.1 \/ OSX 10.13<\/strong><\/span><\/p>\r\n<\/li>\r\n<li style=\"text-align: left;\">\r\n<p><span style=\"color: #333333;\">\u00a0Questions? suggestions? send an email <a style=\"color: #333333;\" href=\"mailto:salve@audiofb.com\"><span class=\"s1\">salve@audiofb.com<\/span><\/a><\/span><\/p>\r\n<\/li>\r\n<\/ul>\r\n<p>&nbsp;<\/p>\r\n<p><span style=\"color: #333333;\"><img decoding=\"async\" loading=\"lazy\" class=\"aligncenter size-large wp-image-29960\" src=\"http:\/\/audiofb.com\/wp-content\/uploads\/2020\/06\/fundo_bureaujuice_site-1024x492.png\" alt=\"\" width=\"1024\" height=\"492\" \/><\/span><\/p>\r\n<p style=\"text-align: center;\">\u00a0<\/p>\r\n<h2 style=\"text-align: center;\"><span style=\"color: #800080;\"><strong>\u00c9 hora do show!!<\/strong> <\/span><\/h2>\r\n<p><span style=\"color: #333333;\">BureauJuice, o plug-in mais fantasmag\u00f3rico e desonesto desenvolvido atualmente por n\u00f3s. Se trata de um delay com a op\u00e7\u00e3o de delay reverso, que faz a brincadeira toda ser mais interessante e divertida. Al\u00e9m dos par\u00e2metros convencionais de delay como tempo e feedback, o BureauJuice tem a op\u00e7\u00e3o de ping-pong para o delay normal e uma modula\u00e7\u00e3o stereo na fun\u00e7\u00e3o reversa, invers\u00e3o de polaridade entre os canais e controle de abertura stereo.<\/span><\/p>\r\n<p><span style=\"color: #333333;\">O BureauJuice, assim como o Blanka possui um <em>easter egg, <\/em>um efeito vindo do al\u00e9m &#8216;escondido&#8217; que aparece quando o BureauJuice \u00e9 invocado! Aproveite!!<\/span><\/p>\r\n<p>&nbsp;<\/p>\r\n<p class=\"p1\"><span style=\"color: #333333;\">Todos os AudioFB Plug-ins est\u00e3o dispon\u00edveis para MAC OSX e Windows. Os instaladores cont\u00eam plug-ins <b>64 bit<\/b> e est\u00e3o dispon\u00edveis os seguintes formatos:<\/span><\/p>\r\n<p class=\"p1\"><span style=\"color: #333333;\"><\/span><\/p>\r\n<p>&nbsp;<\/p>\r\n<p><span style=\"color: #333333;\">VST \/ VST3 \/ AU \/ AAX para Windows. VST \/ VST3 \/ AAX para Mac. \u00a0<\/span><\/p>\r\n<ul>\r\n<li class=\"p1\">\r\n<p><span style=\"color: #333333;\">\u00a0Internet requerida para ativa\u00e7\u00e3o.<\/span><\/p>\r\n<\/li>\r\n<li class=\"p1\">\r\n<p><span style=\"color: #333333;\">\u00a0Sistema minimo requerido:\u00a0<strong>Win 8.1 \/ OSX 10.13<\/strong><\/span><\/p>\r\n<\/li>\r\n<li>\r\n<p><span style=\"color: #333333;\">\u00a0D\u00favidas? Sugest\u00f5es? Envie um email para\u00a0<a style=\"color: #333333;\" href=\"mailto:salve@audiofb.com\"><span class=\"s1\">salve@audiofb.com<\/span><\/a><\/span><\/p>\r\n<\/li>\r\n<\/ul>\r\n<p>&nbsp;<\/p>\r\n<p>&nbsp;<\/p>\r\n<p>&nbsp;<\/p>\r\n<p>&nbsp;<\/p>","protected":false},"excerpt":{"rendered":"<p>&nbsp; &nbsp; It&#8217;s show time\u00a0 BureauJuice, the most ghostly and dishonest plug-in developed by AudioFB. BureauJuice is a delay and reverse delay, which makes the process more interesting and fun. In addition to conventional delay parameters such as time and feedback, BureauJuice has the option of ping-pong for normal delay and stereo modulation in the [&hellip;]<\/p>\n","protected":false},"featured_media":40451,"comment_status":"open","ping_status":"closed","template":"","meta":[],"product_cat":[24],"product_tag":[],"_links":{"self":[{"href":"https:\/\/audiofb.com\/home\/wp-json\/wp\/v2\/product\/29000"}],"collection":[{"href":"https:\/\/audiofb.com\/home\/wp-json\/wp\/v2\/product"}],"about":[{"href":"https:\/\/audiofb.com\/home\/wp-json\/wp\/v2\/types\/product"}],"replies":[{"embeddable":true,"href":"https:\/\/audiofb.com\/home\/wp-json\/wp\/v2\/comments?post=29000"}],"wp:featuredmedia":[{"embeddable":true,"href":"https:\/\/audiofb.com\/home\/wp-json\/wp\/v2\/media\/40451"}],"wp:attachment":[{"href":"https:\/\/audiofb.com\/home\/wp-json\/wp\/v2\/media?parent=29000"}],"wp:term":[{"taxonomy":"product_cat","embeddable":true,"href":"https:\/\/audiofb.com\/home\/wp-json\/wp\/v2\/product_cat?post=29000"},{"taxonomy":"product_tag","embeddable":true,"href":"https:\/\/audiofb.com\/home\/wp-json\/wp\/v2\/product_tag?post=29000"}],"curies":[{"name":"wp","href":"https:\/\/api.w.org\/{rel}","templated":true}]}}