{"id":18693,"date":"2020-04-18T17:12:27","date_gmt":"2020-04-18T20:12:27","guid":{"rendered":"http:\/\/audiofb.com\/?post_type=product&#038;p=18693"},"modified":"2025-10-02T16:28:13","modified_gmt":"2025-10-02T19:28:13","slug":"blanka","status":"publish","type":"product","link":"https:\/\/audiofb.com\/home\/plugin\/blanka\/","title":{"rendered":"Blanka : Harmonic Exciter"},"content":{"rendered":"<h2 style=\"text-align: center;\"><img decoding=\"async\" loading=\"lazy\" class=\"aligncenter wp-image-40468 size-full\" src=\"http:\/\/audiofb.com\/wp-content\/uploads\/2020\/04\/AF_002_BLANKA_3_button.png\" alt=\"\" width=\"1010\" height=\"374\" srcset=\"https:\/\/audiofb.com\/home\/wp-content\/uploads\/2020\/04\/AF_002_BLANKA_3_button.png 1010w, https:\/\/audiofb.com\/home\/wp-content\/uploads\/2020\/04\/AF_002_BLANKA_3_button-300x111.png 300w, https:\/\/audiofb.com\/home\/wp-content\/uploads\/2020\/04\/AF_002_BLANKA_3_button-768x284.png 768w, https:\/\/audiofb.com\/home\/wp-content\/uploads\/2020\/04\/AF_002_BLANKA_3_button-600x222.png 600w, https:\/\/audiofb.com\/home\/wp-content\/uploads\/2020\/04\/AF_002_BLANKA_3_button-900x333.png 900w\" sizes=\"(max-width: 1010px) 100vw, 1010px\" \/><\/h2>\r\n<hr \/>\r\n<p><span style=\"color: #333333;\">Blanka is an exciter for clarity, adding presence without losing the weight of the tracks. Combined with Fatudo, these 2 tools add up to a perfect set for drums, Fatudo for kickdrums and bass instruments and Blanka for higher frequency ranges.<\/span><\/p>\r\n<ul>\r\n<li><span style=\"color: #333333;\">75HZ \/ 105HZ &#8211; Hi-pass of pre-defined frequencies. <\/span><span style=\"color: #333333;\">75Hz and 105Hz.<\/span><\/li>\r\n<li><span style=\"color: #333333;\">WEITGHT &#8211; Control of excitation of harmonics at low frequencies (T is purposeful &gt;&lt;&#8216; ).<\/span><\/li>\r\n<li><span style=\"color: #333333;\">CLARITY &#8211; Control of excitation of harmonics at high frequencies.<\/span><\/li>\r\n<li><span style=\"color: #333333;\">PUNCH &#8211; Sum of the &#8216;excited&#8217; signal to the original and modified signal when passing through a sidechain in the middle of the circuit. \u00a0<\/span> \u00a0<\/li>\r\n<li>BLEND &#8211; Mix between unprocessed and processed signal.<\/li>\r\n<\/ul>\r\n<p class=\"p1\"><span style=\"color: #333333;\">All AudioFB Plug-ins are available for Mac OS and Windows. Installers contain plug-ins in 64 bit version for the following formats:<\/span><\/p>\r\n<p class=\"p1\"><span style=\"color: #333333;\"><\/span><\/p>\r\n<p><span style=\"color: #333333;\">VST \/ VST3 \/ AU \/ AAX for Mac<\/span> <span style=\"color: #333333;\">VST \/ VST3 \/ AX for Windows<\/span><\/p>\r\n<ul>\r\n<li class=\"p1\" style=\"text-align: left;\"><span style=\"color: #333333;\">\u00a0Internet connection required for product activation.<\/span><\/li>\r\n<li class=\"p1\" style=\"text-align: left;\"><span style=\"color: #333333;\">\u00a0Minimum Systems Required: <strong>Win 8.1 \/ OSX 10.13<\/strong><\/span><\/li>\r\n<li style=\"text-align: left;\"><span style=\"color: #333333;\">\u00a0Questions? suggestions? send an email <a style=\"color: #333333;\" href=\"mailto:salve@audiofb.com\"><span class=\"s1\">salve@audiofb.com<\/span><\/a><\/span><\/li>\r\n<\/ul>\r\n<p>&nbsp;<\/p>\r\n<p><iframe loading=\"lazy\" title=\"Audio Fusion &quot;BLANKA&quot; Claridad y Profundidad en tus Mezclas \ud83d\udd25\" width=\"1440\" height=\"810\" src=\"https:\/\/www.youtube.com\/embed\/MsYUy6gjdZM?feature=oembed\" frameborder=\"0\" allow=\"accelerometer; autoplay; clipboard-write; encrypted-media; gyroscope; picture-in-picture; web-share\" referrerpolicy=\"strict-origin-when-cross-origin\" allowfullscreen><\/iframe><\/p>\r\n<p>&nbsp;<\/p>\r\n<hr \/>\r\n<p>&nbsp;<\/p>\r\n<p class=\"p1\"><span class=\"s1\" style=\"color: #333333;\">Blanka \u00e9 um exciter pensado em dar clareza, presen\u00e7a sem tirar o peso dos instrumentos. Em companhia do Fatudo, essas 2 ferramentas somam em um conjunto perfeito para bateria, Fatudo para bumbos e instrumentos graves e o Blanka para faixas de frequ\u00eancias mais altas.<\/span><\/p>\r\n<ul>\r\n<li class=\"p1\"><span class=\"s1\" style=\"color: #333333;\">75HZ \/ 105HZ &#8211; Hi-pass de frequ\u00eancias pr\u00e9 definidas. <\/span><\/li>\r\n<li class=\"p1\"><span style=\"color: #333333;\"><span class=\"s1\">75hz e 105hz.<\/span> <span class=\"s1\">WEITGHT &#8211; Controle de excita\u00e7\u00e3o de harm\u00f4nicos nas frequ\u00eancias graves (o T \u00e9 proposital).<\/span><\/span><\/li>\r\n<li class=\"p1\"><span class=\"s1\" style=\"color: #333333;\">CLARITY &#8211; Controle de excita\u00e7\u00e3o de harm\u00f4nicos nas frequ\u00eancias altas.<\/span><\/li>\r\n<li class=\"p1\"><span style=\"color: #333333;\"><span class=\"s1\">PUNCH &#8211; Soma do sinal &#8216;excitado&#8217; ao som o sinal original e modificado ao passar por um sidechain no meio do circuito.<\/span><span class=\"s2\"> \u00a0<\/span><\/span><\/li>\r\n<li>BLEND &#8211; Mix entre o sinal n\u00e3o processado e processado.<\/li>\r\n<\/ul>\r\n<p class=\"p2\"><span class=\"s1\" style=\"color: #333333;\">\u00a0<\/span><\/p>\r\n<p><iframe loading=\"lazy\" title=\"Blanka - Um Exciter 100% Nacional da \u00c1udio FB (Review Completo)\" width=\"1440\" height=\"810\" src=\"https:\/\/www.youtube.com\/embed\/tZjVLeGFFww?feature=oembed\" frameborder=\"0\" allow=\"accelerometer; autoplay; clipboard-write; encrypted-media; gyroscope; picture-in-picture; web-share\" referrerpolicy=\"strict-origin-when-cross-origin\" allowfullscreen><\/iframe><\/p>\r\n<p>&nbsp;<\/p>\r\n<p class=\"p1\"><span class=\"s1\" style=\"color: #333333;\">Todos os Plug-ins est\u00e3o dispon\u00edveis para MAC OSX e Windows. Os instaladores cont\u00eam plug-ins <b>64 bit<\/b> e est\u00e3o dispon\u00edveis os seguintes formatos:<\/span><\/p>\r\n<p class=\"p4\"><span style=\"color: #333333;\"><span class=\"s1\">VST \/ VST3 \/ AU \/ AAX para Mac.<\/span> <span class=\"s1\">VST \/ VST3 \/ AX para Windows.<\/span><\/span><\/p>\r\n<ul class=\"ul1\">\r\n<li class=\"li4\"><span class=\"s1\" style=\"color: #333333;\">\u00a0Internet requerida para ativa\u00e7\u00e3o.<\/span><\/li>\r\n<li class=\"li4\"><span style=\"color: #333333;\"><span class=\"s1\">\u00a0Sistema m\u00ednimo requerido: <b>Win 8.1 \/ OSX 10.13<\/b><\/span><\/span><\/li>\r\n<li class=\"li4\"><span class=\"s1\" style=\"color: #333333;\">\u00a0D\u00favidas? Sugest\u00f5es? Envie um email para <a style=\"color: #333333;\" href=\"mailto:salve@audiofb.com\"><span class=\"s5\">salve@audiofb.com<\/span><\/a><\/span><\/li>\r\n<\/ul>","protected":false},"excerpt":{"rendered":"<p>Blanka is an exciter for clarity, adding presence without losing the weight of the tracks. Combined with Fatudo, these 2 tools add up to a perfect set for drums, Fatudo for kickdrums and bass instruments and Blanka for higher frequency ranges. 75HZ \/ 105HZ &#8211; Hi-pass of pre-defined frequencies. 75Hz and 105Hz. WEITGHT &#8211; Control [&hellip;]<\/p>\n","protected":false},"featured_media":40450,"comment_status":"closed","ping_status":"closed","template":"","meta":[],"product_cat":[22],"product_tag":[],"_links":{"self":[{"href":"https:\/\/audiofb.com\/home\/wp-json\/wp\/v2\/product\/18693"}],"collection":[{"href":"https:\/\/audiofb.com\/home\/wp-json\/wp\/v2\/product"}],"about":[{"href":"https:\/\/audiofb.com\/home\/wp-json\/wp\/v2\/types\/product"}],"replies":[{"embeddable":true,"href":"https:\/\/audiofb.com\/home\/wp-json\/wp\/v2\/comments?post=18693"}],"wp:featuredmedia":[{"embeddable":true,"href":"https:\/\/audiofb.com\/home\/wp-json\/wp\/v2\/media\/40450"}],"wp:attachment":[{"href":"https:\/\/audiofb.com\/home\/wp-json\/wp\/v2\/media?parent=18693"}],"wp:term":[{"taxonomy":"product_cat","embeddable":true,"href":"https:\/\/audiofb.com\/home\/wp-json\/wp\/v2\/product_cat?post=18693"},{"taxonomy":"product_tag","embeddable":true,"href":"https:\/\/audiofb.com\/home\/wp-json\/wp\/v2\/product_tag?post=18693"}],"curies":[{"name":"wp","href":"https:\/\/api.w.org\/{rel}","templated":true}]}}