{"id":1444,"date":"2019-10-31T02:27:21","date_gmt":"2019-10-31T05:27:21","guid":{"rendered":"http:\/\/audiofb.com\/?post_type=product&#038;p=1444"},"modified":"2025-10-02T16:29:34","modified_gmt":"2025-10-02T19:29:34","slug":"pitchfork","status":"publish","type":"product","link":"https:\/\/audiofb.com\/home\/plugin\/pitchfork\/","title":{"rendered":"Pitchfork : Pitch Shifter &#038; Paranoia"},"content":{"rendered":"<p>&nbsp;<\/p>\n<p><img decoding=\"async\" loading=\"lazy\" class=\"alignnone size-full wp-image-43711 aligncenter\" src=\"http:\/\/audiofb.com\/wp-content\/uploads\/2019\/10\/Captura-de-Tela-2021-08-16-a\u0300s-16.56.27.png\" alt=\"\" width=\"800\" height=\"190\" srcset=\"https:\/\/audiofb.com\/home\/wp-content\/uploads\/2019\/10\/Captura-de-Tela-2021-08-16-a\u0300s-16.56.27.png 800w, https:\/\/audiofb.com\/home\/wp-content\/uploads\/2019\/10\/Captura-de-Tela-2021-08-16-a\u0300s-16.56.27-300x71.png 300w, https:\/\/audiofb.com\/home\/wp-content\/uploads\/2019\/10\/Captura-de-Tela-2021-08-16-a\u0300s-16.56.27-768x182.png 768w, https:\/\/audiofb.com\/home\/wp-content\/uploads\/2019\/10\/Captura-de-Tela-2021-08-16-a\u0300s-16.56.27-600x143.png 600w\" sizes=\"(max-width: 800px) 100vw, 800px\" \/><\/p>\n<p><span style=\"color: #333333;\">Pitchfork Multi-effect with Parallel delay, reverb, filters and pitchshifter. Paranoia.<\/span><\/p>\n<ul>\n<li><span style=\"color: #333333;\">Pitch &#8211; -48 \/ + 48 Pitchshifter<\/span><\/li>\n<li><span style=\"color: #333333;\">Delay &#8211; Delay from the start of the original signal.<\/span><\/li>\n<li><span style=\"color: #333333;\">Feedback \/ Smooth &#8211; work together to create a &#8216;stretch&#8217; effect of the processed signal.<\/span><\/li>\n<li><span style=\"color: #333333;\">Reverb Level &#8211; Reverb Insertion into the Processed Signal<\/span><\/li>\n<li><span style=\"color: #333333;\">Room Size &#8211; Room size that reverberates \u2022 LPF Reverb &#8211; Reverb &#8220;low pass&#8221; filter. \u00a0<\/span><\/li>\n<\/ul>\n<p>&nbsp;<\/p>\n<p class=\"p1\"><span style=\"color: #333333;\">All AudioFB Plug-ins are available for Mac OS and Windows. Installers contain plug-ins in 64 bit version for the following formats:<\/span><\/p>\n<p>VST \/ VST3 \/ AAX\u00a0for Windows.<\/p>\n<p>VST \/ VST3 \/ AU AAX for Mac.<\/p>\n<p class=\"p1\"><span style=\"color: #333333;\"><!-- \/wp:paragraph --><\/span><\/p>\n<p>&nbsp;<\/p>\n<ul>\n<li class=\"p1\" style=\"text-align: left;\"><span style=\"color: #333333;\">\u00a0Internet connection required for product activation.<\/span><\/li>\n<li class=\"p1\" style=\"text-align: left;\"><span style=\"color: #333333;\">\u00a0Minimum Systems Required: <strong>Win 8.1 \/ OSX 10.13<\/strong><\/span><\/li>\n<li style=\"text-align: left;\"><span style=\"color: #333333;\">\u00a0Questions? suggestions? send an email <a style=\"color: #333333;\" href=\"mailto:salve@audiofb.com\"><span class=\"s1\">salve@audiofb.com<\/span><\/a><\/span><\/li>\n<\/ul>\n<p>&nbsp;<\/p>\n<hr \/>\n<p>&nbsp;<\/p>\n<p><iframe loading=\"lazy\" title=\"Pitchfork : Pitchshifter &amp; reverb\" width=\"1333\" height=\"1000\" src=\"https:\/\/www.youtube.com\/embed\/xgpowSAGFdk?feature=oembed\" frameborder=\"0\" allow=\"accelerometer; autoplay; clipboard-write; encrypted-media; gyroscope; picture-in-picture; web-share\" referrerpolicy=\"strict-origin-when-cross-origin\" allowfullscreen><\/iframe><\/p>\n<p><span style=\"color: #333333;\">Pitchfork Processador multi-efeito paralelo com delays, reverb, filtros e pitchshifter. Paran\u00f3ia.<\/span><\/p>\n<ul>\n<li><span style=\"color: #333333;\">Pitch &#8211; Pitchshifter de -48\/+48 \u2022 Delay &#8211; atraso com rela\u00e7\u00e3o ao come\u00e7o do sinal original<\/span><\/li>\n<li><span style=\"color: #333333;\">Feedback \/ Smooth &#8211; funcionam conjuntamente, criando um efeito de &#8216;alongamento&#8217; do sinal processado.<\/span><\/li>\n<li><span style=\"color: #333333;\">Reverb Level &#8211; Inser\u00e7\u00e3o de reverb no sinal processado<\/span><\/li>\n<li><span style=\"color: #333333;\">Room Size &#8211; tamanho da sala que reverbera<\/span><\/li>\n<li><span style=\"color: #333333;\">Reverb LPF &#8211; Filtro de &#8220;passa-grave&#8221; do reverb. \u00a0<\/span><\/li>\n<\/ul>\n<p>&nbsp;<\/p>\n<p class=\"p1\"><span style=\"color: #333333;\">Todos os Plug-ins est\u00e3o dispon\u00edveis para MAC OSX e Windows. Os instaladores cont\u00eam plug-ins <b>64 bit<\/b> e est\u00e3o dispon\u00edveis os seguintes formatos:<\/span><\/p>\n<p>VST \/ VST3 \/ AU \/ AAX para Windows.<\/p>\n<p>VST \/ VST3 \/ AAX para Mac.<\/p>\n<p class=\"p1\"><span style=\"color: #333333;\"><!-- \/wp:paragraph --><\/span><\/p>\n<p>&nbsp;<\/p>\n<ul>\n<li class=\"p1\" style=\"text-align: left;\"><span style=\"color: #333333;\">\u00a0Internet requerida para ativa\u00e7\u00e3o.<\/span><\/li>\n<li class=\"p1\" style=\"text-align: left;\"><span style=\"color: #333333;\">\u00a0Sistema minimo requerido: <strong>Win 8.1 \/ OSX 10.13<\/strong><\/span><\/li>\n<li style=\"text-align: left;\"><span style=\"color: #333333;\">\u00a0D\u00favidas? Sugest\u00f5es? Envie um email para <a style=\"color: #333333;\" href=\"mailto:salve@audiofb.com\"><span class=\"s1\">salve@audiofb.com<\/span><\/a><\/span><\/li>\n<\/ul>\n","protected":false},"excerpt":{"rendered":"<p>&nbsp; Pitchfork Multi-effect with Parallel delay, reverb, filters and pitchshifter. Paranoia. Pitch &#8211; -48 \/ + 48 Pitchshifter Delay &#8211; Delay from the start of the original signal. Feedback \/ Smooth &#8211; work together to create a &#8216;stretch&#8217; effect of the processed signal. Reverb Level &#8211; Reverb Insertion into the Processed Signal Room Size &#8211; [&hellip;]<\/p>\n","protected":false},"featured_media":40462,"comment_status":"closed","ping_status":"closed","template":"","meta":[],"product_cat":[24],"product_tag":[],"_links":{"self":[{"href":"https:\/\/audiofb.com\/home\/wp-json\/wp\/v2\/product\/1444"}],"collection":[{"href":"https:\/\/audiofb.com\/home\/wp-json\/wp\/v2\/product"}],"about":[{"href":"https:\/\/audiofb.com\/home\/wp-json\/wp\/v2\/types\/product"}],"replies":[{"embeddable":true,"href":"https:\/\/audiofb.com\/home\/wp-json\/wp\/v2\/comments?post=1444"}],"wp:featuredmedia":[{"embeddable":true,"href":"https:\/\/audiofb.com\/home\/wp-json\/wp\/v2\/media\/40462"}],"wp:attachment":[{"href":"https:\/\/audiofb.com\/home\/wp-json\/wp\/v2\/media?parent=1444"}],"wp:term":[{"taxonomy":"product_cat","embeddable":true,"href":"https:\/\/audiofb.com\/home\/wp-json\/wp\/v2\/product_cat?post=1444"},{"taxonomy":"product_tag","embeddable":true,"href":"https:\/\/audiofb.com\/home\/wp-json\/wp\/v2\/product_tag?post=1444"}],"curies":[{"name":"wp","href":"https:\/\/api.w.org\/{rel}","templated":true}]}}